{"id":2018,"date":"2021-05-02T20:35:01","date_gmt":"2021-05-02T18:35:01","guid":{"rendered":"https:\/\/hradvance.be\/hr-advance-onze-diensten-in-human-resources\/"},"modified":"2021-05-02T20:35:03","modified_gmt":"2021-05-02T18:35:03","slug":"hr-advance-onze-diensten-in-human-resources","status":"publish","type":"page","link":"https:\/\/hradvance.be\/nl\/hr-advance-onze-diensten-in-human-resources\/","title":{"rendered":"HR Advance : Onze diensten in human resources"},"content":{"rendered":"\t\t<div data-elementor-type=\"wp-page\" data-elementor-id=\"2018\" class=\"elementor elementor-2018 elementor-561\" data-elementor-post-type=\"page\">\n\t\t\t\t\t\t<section class=\"elementor-section elementor-top-section elementor-element elementor-element-308bb57 elementor-section-boxed elementor-section-height-default elementor-section-height-default\" data-id=\"308bb57\" data-element_type=\"section\">\n\t\t\t\t\t\t<div class=\"elementor-container elementor-column-gap-default\">\n\t\t\t\t\t<div class=\"elementor-column elementor-col-100 elementor-top-column elementor-element elementor-element-6fb6221\" data-id=\"6fb6221\" data-element_type=\"column\">\n\t\t\t<div class=\"elementor-widget-wrap elementor-element-populated\">\n\t\t\t\t\t\t<section class=\"elementor-section elementor-inner-section elementor-element elementor-element-10b9609 elementor-section-boxed elementor-section-height-default elementor-section-height-default\" data-id=\"10b9609\" data-element_type=\"section\">\n\t\t\t\t\t\t<div class=\"elementor-container elementor-column-gap-default\">\n\t\t\t\t\t<div class=\"elementor-column elementor-col-100 elementor-inner-column elementor-element elementor-element-76ded21\" data-id=\"76ded21\" data-element_type=\"column\">\n\t\t\t<div class=\"elementor-widget-wrap elementor-element-populated\">\n\t\t\t\t\t\t<div class=\"elementor-element elementor-element-7de4843 elementor-invisible elementor-widget elementor-widget-heading\" data-id=\"7de4843\" data-element_type=\"widget\" data-settings=\"{&quot;_animation&quot;:&quot;fadeInUp&quot;,&quot;_animation_delay&quot;:1000}\" data-widget_type=\"heading.default\">\n\t\t\t\t<div class=\"elementor-widget-container\">\n\t\t\t\t\t<div class=\"elementor-heading-title elementor-size-default\">Ons aanbod van diensten.<\/div>\t\t\t\t<\/div>\n\t\t\t\t<\/div>\n\t\t\t\t<div class=\"elementor-element elementor-element-0727401 elementor-widget elementor-widget-heading\" data-id=\"0727401\" data-element_type=\"widget\" data-widget_type=\"heading.default\">\n\t\t\t\t<div class=\"elementor-widget-container\">\n\t\t\t\t\t<h2 class=\"elementor-heading-title elementor-size-default\">Samen verder gaan<\/h2>\t\t\t\t<\/div>\n\t\t\t\t<\/div>\n\t\t\t\t\t<\/div>\n\t\t<\/div>\n\t\t\t\t\t<\/div>\n\t\t<\/section>\n\t\t\t\t<section class=\"elementor-section elementor-inner-section elementor-element elementor-element-286594a elementor-reverse-tablet elementor-reverse-mobile elementor-section-boxed elementor-section-height-default elementor-section-height-default\" data-id=\"286594a\" data-element_type=\"section\">\n\t\t\t\t\t\t<div class=\"elementor-container elementor-column-gap-default\">\n\t\t\t\t\t<div class=\"elementor-column elementor-col-50 elementor-inner-column elementor-element elementor-element-05964a5\" data-id=\"05964a5\" data-element_type=\"column\">\n\t\t\t<div class=\"elementor-widget-wrap elementor-element-populated\">\n\t\t\t\t\t\t<div class=\"elementor-element elementor-element-e755b6b elementor-flip-box--effect-zoom-in elementor-widget elementor-widget-flip-box\" data-id=\"e755b6b\" data-element_type=\"widget\" id=\"hardhr\" data-widget_type=\"flip-box.default\">\n\t\t\t\t<div class=\"elementor-widget-container\">\n\t\t\t\t\t\t\t<div class=\"elementor-flip-box\" tabindex=\"0\">\n\t\t\t<div class=\"elementor-flip-box__layer elementor-flip-box__front\">\n\t\t\t\t<div class=\"elementor-flip-box__layer__overlay\">\n\t\t\t\t\t<div class=\"elementor-flip-box__layer__inner\">\n\t\t\t\t\t\t\n\t\t\t\t\t\t\t\t\t\t\t\t\t<h3 class=\"elementor-flip-box__layer__title\">\n\t\t\t\t\t\t\t\tHard HR\t\t\t\t\t\t\t<\/h3>\n\t\t\t\t\t\t\n\t\t\t\t\t\t\t\t\t\t\t\t\t<div class=\"elementor-flip-box__layer__description\">\n\t\t\t\t\t\t\t\tLees meer\t\t\t\t\t\t\t<\/div>\n\t\t\t\t\t\t\t\t\t\t\t<\/div>\n\t\t\t\t<\/div>\n\t\t\t<\/div>\n\t\t\t<div class=\"elementor-flip-box__layer elementor-flip-box__back\">\n\t\t\t<div class=\"elementor-flip-box__layer__overlay\">\n\t\t\t\t<div class=\"elementor-flip-box__layer__inner\">\n\t\t\t\t\t\t\t\t\t\t\t<h3 class=\"elementor-flip-box__layer__title\">\n\t\t\t\t\t\t\tHard HR\t\t\t\t\t\t<\/h3>\n\t\t\t\t\t\n\t\t\t\t\t\t\t\t\t\t\t<div class=\"elementor-flip-box__layer__description\">\n\t\t\t\t\t\t\tWij ondersteunen U in de kernactiviteiten van personeelsbeleid. Onze expertise zal u in staat stellen te voldoen aan uw behoeften bij het beheer van uw loonlijst, salarissen en vergoedingen van uw personeel.\t\t\t\t\t\t<\/div>\n\t\t\t\t\t\n\t\t\t\t\t\t\t\t<\/div>\n\t\t<\/div>\n\t\t<\/div>\n\t\t<\/div>\n\t\t\t\t\t\t<\/div>\n\t\t\t\t<\/div>\n\t\t\t\t<div class=\"elementor-element elementor-element-155b052 elementor-flip-box--effect-zoom-in elementor-widget elementor-widget-flip-box\" data-id=\"155b052\" data-element_type=\"widget\" id=\"administration\" data-widget_type=\"flip-box.default\">\n\t\t\t\t<div class=\"elementor-widget-container\">\n\t\t\t\t\t\t\t<div class=\"elementor-flip-box\" tabindex=\"0\">\n\t\t\t<div class=\"elementor-flip-box__layer elementor-flip-box__front\">\n\t\t\t\t<div class=\"elementor-flip-box__layer__overlay\">\n\t\t\t\t\t<div class=\"elementor-flip-box__layer__inner\">\n\t\t\t\t\t\t\n\t\t\t\t\t\t\t\t\t\t\t\t\t<h3 class=\"elementor-flip-box__layer__title\">\n\t\t\t\t\t\t\t\tAdministratie\t\t\t\t\t\t\t<\/h3>\n\t\t\t\t\t\t\n\t\t\t\t\t\t\t\t\t\t\t\t\t<div class=\"elementor-flip-box__layer__description\">\n\t\t\t\t\t\t\t\tLees meer\t\t\t\t\t\t\t<\/div>\n\t\t\t\t\t\t\t\t\t\t\t<\/div>\n\t\t\t\t<\/div>\n\t\t\t<\/div>\n\t\t\t<div class=\"elementor-flip-box__layer elementor-flip-box__back\">\n\t\t\t<div class=\"elementor-flip-box__layer__overlay\">\n\t\t\t\t<div class=\"elementor-flip-box__layer__inner\">\n\t\t\t\t\t\t\t\t\t\t\t<h3 class=\"elementor-flip-box__layer__title\">\n\t\t\t\t\t\t\tAdministratie\t\t\t\t\t\t<\/h3>\n\t\t\t\t\t\n\t\t\t\t\t\t\t\t\t\t\t<div class=\"elementor-flip-box__layer__description\">\n\t\t\t\t\t\t\tOm u te helpen u te concentreren op uw belangrijkste doelstellingen, kan een van onze generalistische assistenten u helpen met uw administratieve taken.\t\t\t\t\t\t<\/div>\n\t\t\t\t\t\n\t\t\t\t\t\t\t\t<\/div>\n\t\t<\/div>\n\t\t<\/div>\n\t\t<\/div>\n\t\t\t\t\t\t<\/div>\n\t\t\t\t<\/div>\n\t\t\t\t<div class=\"elementor-element elementor-element-4de160b elementor-flip-box--effect-zoom-in elementor-widget elementor-widget-flip-box\" data-id=\"4de160b\" data-element_type=\"widget\" id=\"digitalisation\" data-widget_type=\"flip-box.default\">\n\t\t\t\t<div class=\"elementor-widget-container\">\n\t\t\t\t\t\t\t<div class=\"elementor-flip-box\" tabindex=\"0\">\n\t\t\t<div class=\"elementor-flip-box__layer elementor-flip-box__front\">\n\t\t\t\t<div class=\"elementor-flip-box__layer__overlay\">\n\t\t\t\t\t<div class=\"elementor-flip-box__layer__inner\">\n\t\t\t\t\t\t\n\t\t\t\t\t\t\t\t\t\t\t\t\t<h3 class=\"elementor-flip-box__layer__title\">\n\t\t\t\t\t\t\t\tDigitalisering\t\t\t\t\t\t\t<\/h3>\n\t\t\t\t\t\t\n\t\t\t\t\t\t\t\t\t\t\t\t\t<div class=\"elementor-flip-box__layer__description\">\n\t\t\t\t\t\t\t\tLees meer\t\t\t\t\t\t\t<\/div>\n\t\t\t\t\t\t\t\t\t\t\t<\/div>\n\t\t\t\t<\/div>\n\t\t\t<\/div>\n\t\t\t<div class=\"elementor-flip-box__layer elementor-flip-box__back\">\n\t\t\t<div class=\"elementor-flip-box__layer__overlay\">\n\t\t\t\t<div class=\"elementor-flip-box__layer__inner\">\n\t\t\t\t\t\t\t\t\t\t\t<h3 class=\"elementor-flip-box__layer__title\">\n\t\t\t\t\t\t\tDigitalisering\t\t\t\t\t\t<\/h3>\n\t\t\t\t\t\n\t\t\t\t\t\t\t\t\t\t\t<div class=\"elementor-flip-box__layer__description\">\n\t\t\t\t\t\t\tOnze oplossingen bieden u alle sleutels om de persoonsgegevens van uw werknemers digitaal te verzamelen en te verwerken.\t\t\t\t\t\t<\/div>\n\t\t\t\t\t\n\t\t\t\t\t\t\t\t<\/div>\n\t\t<\/div>\n\t\t<\/div>\n\t\t<\/div>\n\t\t\t\t\t\t<\/div>\n\t\t\t\t<\/div>\n\t\t\t\t\t<\/div>\n\t\t<\/div>\n\t\t\t\t<div class=\"elementor-column elementor-col-50 elementor-inner-column elementor-element elementor-element-bb0ae16\" data-id=\"bb0ae16\" data-element_type=\"column\">\n\t\t\t<div class=\"elementor-widget-wrap elementor-element-populated\">\n\t\t\t\t\t\t<div class=\"elementor-element elementor-element-311e23c elementor-flip-box--effect-zoom-in elementor-widget elementor-widget-flip-box\" data-id=\"311e23c\" data-element_type=\"widget\" id=\"softhr\" data-widget_type=\"flip-box.default\">\n\t\t\t\t<div class=\"elementor-widget-container\">\n\t\t\t\t\t\t\t<div class=\"elementor-flip-box\" tabindex=\"0\">\n\t\t\t<div class=\"elementor-flip-box__layer elementor-flip-box__front\">\n\t\t\t\t<div class=\"elementor-flip-box__layer__overlay\">\n\t\t\t\t\t<div class=\"elementor-flip-box__layer__inner\">\n\t\t\t\t\t\t\n\t\t\t\t\t\t\t\t\t\t\t\t\t<h3 class=\"elementor-flip-box__layer__title\">\n\t\t\t\t\t\t\t\tSoft HR\t\t\t\t\t\t\t<\/h3>\n\t\t\t\t\t\t\n\t\t\t\t\t\t\t\t\t\t\t\t\t<div class=\"elementor-flip-box__layer__description\">\n\t\t\t\t\t\t\t\tLees meer\t\t\t\t\t\t\t<\/div>\n\t\t\t\t\t\t\t\t\t\t\t<\/div>\n\t\t\t\t<\/div>\n\t\t\t<\/div>\n\t\t\t<div class=\"elementor-flip-box__layer elementor-flip-box__back\">\n\t\t\t<div class=\"elementor-flip-box__layer__overlay\">\n\t\t\t\t<div class=\"elementor-flip-box__layer__inner\">\n\t\t\t\t\t\t\t\t\t\t\t<h3 class=\"elementor-flip-box__layer__title\">\n\t\t\t\t\t\t\tSoft HR\t\t\t\t\t\t<\/h3>\n\t\t\t\t\t\n\t\t\t\t\t\t\t\t\t\t\t<div class=\"elementor-flip-box__layer__description\">\n\t\t\t\t\t\t\tUzelf doeltreffend omringen en de competenties van uw medewerkers ontwikkelen zijn twee cruciale punten waarmee u de duurzaamheid van uw teams kunt verzekeren. Daarom bieden wij u ondersteuning bij uw aanwervingen.\t\t\t\t\t\t<\/div>\n\t\t\t\t\t\n\t\t\t\t\t\t\t\t<\/div>\n\t\t<\/div>\n\t\t<\/div>\n\t\t<\/div>\n\t\t\t\t\t\t<\/div>\n\t\t\t\t<\/div>\n\t\t\t\t<div class=\"elementor-element elementor-element-c62ca3b elementor-flip-box--effect-zoom-in elementor-widget elementor-widget-flip-box\" data-id=\"c62ca3b\" data-element_type=\"widget\" id=\"equipe\" data-widget_type=\"flip-box.default\">\n\t\t\t\t<div class=\"elementor-widget-container\">\n\t\t\t\t\t\t\t<div class=\"elementor-flip-box\" tabindex=\"0\">\n\t\t\t<div class=\"elementor-flip-box__layer elementor-flip-box__front\">\n\t\t\t\t<div class=\"elementor-flip-box__layer__overlay\">\n\t\t\t\t\t<div class=\"elementor-flip-box__layer__inner\">\n\t\t\t\t\t\t\n\t\t\t\t\t\t\t\t\t\t\t\t\t<h3 class=\"elementor-flip-box__layer__title\">\n\t\t\t\t\t\t\t\tManagement en Leiding van teams\t\t\t\t\t\t\t<\/h3>\n\t\t\t\t\t\t\n\t\t\t\t\t\t\t\t\t\t\t\t\t<div class=\"elementor-flip-box__layer__description\">\n\t\t\t\t\t\t\t\tLees meer\t\t\t\t\t\t\t<\/div>\n\t\t\t\t\t\t\t\t\t\t\t<\/div>\n\t\t\t\t<\/div>\n\t\t\t<\/div>\n\t\t\t<div class=\"elementor-flip-box__layer elementor-flip-box__back\">\n\t\t\t<div class=\"elementor-flip-box__layer__overlay\">\n\t\t\t\t<div class=\"elementor-flip-box__layer__inner\">\n\t\t\t\t\t\t\t\t\t\t\t<h3 class=\"elementor-flip-box__layer__title\">\n\t\t\t\t\t\t\tManagement en Leiding van teams\t\t\t\t\t\t<\/h3>\n\t\t\t\t\t\n\t\t\t\t\t\t\t\t\t\t\t<div class=\"elementor-flip-box__layer__description\">\n\t\t\t\t\t\t\tMet onze jarenlange ervaring ondersteunen wij u bij het leiding van teams, de planning en het toezicht op de verwezenlijking van de doelstellingen.\t\t\t\t\t\t<\/div>\n\t\t\t\t\t\n\t\t\t\t\t\t\t\t<\/div>\n\t\t<\/div>\n\t\t<\/div>\n\t\t<\/div>\n\t\t\t\t\t\t<\/div>\n\t\t\t\t<\/div>\n\t\t\t\t<div class=\"elementor-element elementor-element-927cb2f elementor-flip-box--effect-zoom-in elementor-widget elementor-widget-flip-box\" data-id=\"927cb2f\" data-element_type=\"widget\" id=\"sirh\" data-widget_type=\"flip-box.default\">\n\t\t\t\t<div class=\"elementor-widget-container\">\n\t\t\t\t\t\t\t<div class=\"elementor-flip-box\" tabindex=\"0\">\n\t\t\t<div class=\"elementor-flip-box__layer elementor-flip-box__front\">\n\t\t\t\t<div class=\"elementor-flip-box__layer__overlay\">\n\t\t\t\t\t<div class=\"elementor-flip-box__layer__inner\">\n\t\t\t\t\t\t\n\t\t\t\t\t\t\t\t\t\t\t\t\t<h3 class=\"elementor-flip-box__layer__title\">\n\t\t\t\t\t\t\t\tHRIS\t\t\t\t\t\t\t<\/h3>\n\t\t\t\t\t\t\n\t\t\t\t\t\t\t\t\t\t\t\t\t<div class=\"elementor-flip-box__layer__description\">\n\t\t\t\t\t\t\t\tLees meer\t\t\t\t\t\t\t<\/div>\n\t\t\t\t\t\t\t\t\t\t\t<\/div>\n\t\t\t\t<\/div>\n\t\t\t<\/div>\n\t\t\t<div class=\"elementor-flip-box__layer elementor-flip-box__back\">\n\t\t\t<div class=\"elementor-flip-box__layer__overlay\">\n\t\t\t\t<div class=\"elementor-flip-box__layer__inner\">\n\t\t\t\t\t\t\t\t\t\t\t<h3 class=\"elementor-flip-box__layer__title\">\n\t\t\t\t\t\t\tHRIS\t\t\t\t\t\t<\/h3>\n\t\t\t\t\t\n\t\t\t\t\t\t\t\t\t\t\t<div class=\"elementor-flip-box__layer__description\">\n\t\t\t\t\t\t\tDe optimalisering van informaticasystemen is van essentieel belang voor een effici\u00ebnte co\u00f6rdinatie van de verschillende afdelingen. Wij helpen u om dit doel te bereiken en tegelijkertijd de administratieve en repetitieve taken te verminderen. \t\t\t\t\t\t<\/div>\n\t\t\t\t\t\n\t\t\t\t\t\t\t\t<\/div>\n\t\t<\/div>\n\t\t<\/div>\n\t\t<\/div>\n\t\t\t\t\t\t<\/div>\n\t\t\t\t<\/div>\n\t\t\t\t\t<\/div>\n\t\t<\/div>\n\t\t\t\t\t<\/div>\n\t\t<\/section>\n\t\t\t\t\t<\/div>\n\t\t<\/div>\n\t\t\t\t\t<\/div>\n\t\t<\/section>\n\t\t\t\t<\/div>\n\t\t","protected":false},"excerpt":{"rendered":"<p>NOTRE PANEL DE SERVICES Avancer ensemble\u200b Hard HR En savoir plus Hard HR Nous vous \u00e9paulons dans le c\u0153ur du m\u00e9tier des ressources humaines. Notre expertise vous permettra de r\u00e9pondre \u00e0 vos besoins dans la gestion de la paie de votre personnel, les avantages salariaux et les compensations. Administration En savoir plus Administration Afin de [&hellip;]<\/p>\n","protected":false},"author":1,"featured_media":0,"parent":0,"menu_order":0,"comment_status":"closed","ping_status":"closed","template":"","meta":{"footnotes":""},"yoast_head":"<!-- This site is optimized with the Yoast SEO plugin v19.3 - https:\/\/yoast.com\/wordpress\/plugins\/seo\/ -->\n<title>HR Advance : Onze diensten in human resources - HR Advance<\/title>\n<meta name=\"description\" content=\"Onze diensten in human resources: Soft &amp; Hard HR, Administratie, Digitalisering, Management en teambeheer, HRIS\" \/>\n<meta name=\"robots\" content=\"index, follow, max-snippet:-1, max-image-preview:large, max-video-preview:-1\" \/>\n<link rel=\"canonical\" href=\"https:\/\/hradvance.be\/nl\/hr-advance-onze-diensten-in-human-resources\/\" \/>\n<meta property=\"og:locale\" content=\"nl_NL\" \/>\n<meta property=\"og:type\" content=\"article\" \/>\n<meta property=\"og:title\" content=\"Onze diensten in human resources:\" \/>\n<meta property=\"og:description\" content=\"Soft &amp; Hard HR, Digitalisering, Teammanagement, Administratie, HRIS\" \/>\n<meta property=\"og:url\" content=\"https:\/\/hradvance.be\/nl\/hr-advance-onze-diensten-in-human-resources\/\" \/>\n<meta property=\"og:site_name\" content=\"HR Advance\" \/>\n<meta property=\"article:modified_time\" content=\"2021-05-02T18:35:03+00:00\" \/>\n<meta property=\"og:image\" content=\"https:\/\/hradvance.be\/wp-content\/uploads\/2020\/10\/team-of-creative-people-in-office-PKWNTEG-1.jpg\" \/>\n<meta name=\"twitter:card\" content=\"summary_large_image\" \/>\n<meta name=\"twitter:label1\" content=\"Geschatte leestijd\" \/>\n\t<meta name=\"twitter:data1\" content=\"1 minuut\" \/>\n<script type=\"application\/ld+json\" class=\"yoast-schema-graph\">{\"@context\":\"https:\/\/schema.org\",\"@graph\":[{\"@type\":\"Organization\",\"@id\":\"https:\/\/hradvance.be\/#organization\",\"name\":\"HR Advance\",\"url\":\"https:\/\/hradvance.be\/\",\"sameAs\":[],\"logo\":{\"@type\":\"ImageObject\",\"inLanguage\":\"nl-NL\",\"@id\":\"https:\/\/hradvance.be\/#\/schema\/logo\/image\/\",\"url\":\"https:\/\/hradvance.be\/wp-content\/uploads\/2020\/12\/long-3.png\",\"contentUrl\":\"https:\/\/hradvance.be\/wp-content\/uploads\/2020\/12\/long-3.png\",\"width\":788,\"height\":125,\"caption\":\"HR Advance\"},\"image\":{\"@id\":\"https:\/\/hradvance.be\/#\/schema\/logo\/image\/\"}},{\"@type\":\"WebSite\",\"@id\":\"https:\/\/hradvance.be\/#website\",\"url\":\"https:\/\/hradvance.be\/\",\"name\":\"HR Advance\",\"description\":\"Consultance en Ressources humaines\",\"publisher\":{\"@id\":\"https:\/\/hradvance.be\/#organization\"},\"potentialAction\":[{\"@type\":\"SearchAction\",\"target\":{\"@type\":\"EntryPoint\",\"urlTemplate\":\"https:\/\/hradvance.be\/?s={search_term_string}\"},\"query-input\":\"required name=search_term_string\"}],\"inLanguage\":\"nl-NL\"},{\"@type\":\"WebPage\",\"@id\":\"https:\/\/hradvance.be\/nl\/hr-advance-onze-diensten-in-human-resources\/\",\"url\":\"https:\/\/hradvance.be\/nl\/hr-advance-onze-diensten-in-human-resources\/\",\"name\":\"HR Advance : Onze diensten in human resources - HR Advance\",\"isPartOf\":{\"@id\":\"https:\/\/hradvance.be\/#website\"},\"datePublished\":\"2021-05-02T18:35:01+00:00\",\"dateModified\":\"2021-05-02T18:35:03+00:00\",\"description\":\"Onze diensten in human resources: Soft & Hard HR, Administratie, Digitalisering, Management en teambeheer, HRIS\",\"breadcrumb\":{\"@id\":\"https:\/\/hradvance.be\/nl\/hr-advance-onze-diensten-in-human-resources\/#breadcrumb\"},\"inLanguage\":\"nl-NL\",\"potentialAction\":[{\"@type\":\"ReadAction\",\"target\":[\"https:\/\/hradvance.be\/nl\/hr-advance-onze-diensten-in-human-resources\/\"]}]},{\"@type\":\"BreadcrumbList\",\"@id\":\"https:\/\/hradvance.be\/nl\/hr-advance-onze-diensten-in-human-resources\/#breadcrumb\",\"itemListElement\":[{\"@type\":\"ListItem\",\"position\":1,\"name\":\"Accueil\",\"item\":\"https:\/\/hradvance.be\/nl\/\"},{\"@type\":\"ListItem\",\"position\":2,\"name\":\"HR Advance : Onze diensten in human resources\"}]}]}<\/script>\n<!-- \/ Yoast SEO plugin. -->","yoast_head_json":{"title":"HR Advance : Onze diensten in human resources - HR Advance","description":"Onze diensten in human resources: Soft & Hard HR, Administratie, Digitalisering, Management en teambeheer, HRIS","robots":{"index":"index","follow":"follow","max-snippet":"max-snippet:-1","max-image-preview":"max-image-preview:large","max-video-preview":"max-video-preview:-1"},"canonical":"https:\/\/hradvance.be\/nl\/hr-advance-onze-diensten-in-human-resources\/","og_locale":"nl_NL","og_type":"article","og_title":"Onze diensten in human resources:","og_description":"Soft & Hard HR, Digitalisering, Teammanagement, Administratie, HRIS","og_url":"https:\/\/hradvance.be\/nl\/hr-advance-onze-diensten-in-human-resources\/","og_site_name":"HR Advance","article_modified_time":"2021-05-02T18:35:03+00:00","og_image":[{"url":"https:\/\/hradvance.be\/wp-content\/uploads\/2020\/10\/team-of-creative-people-in-office-PKWNTEG-1.jpg"}],"twitter_card":"summary_large_image","twitter_misc":{"Geschatte leestijd":"1 minuut"},"schema":{"@context":"https:\/\/schema.org","@graph":[{"@type":"Organization","@id":"https:\/\/hradvance.be\/#organization","name":"HR Advance","url":"https:\/\/hradvance.be\/","sameAs":[],"logo":{"@type":"ImageObject","inLanguage":"nl-NL","@id":"https:\/\/hradvance.be\/#\/schema\/logo\/image\/","url":"https:\/\/hradvance.be\/wp-content\/uploads\/2020\/12\/long-3.png","contentUrl":"https:\/\/hradvance.be\/wp-content\/uploads\/2020\/12\/long-3.png","width":788,"height":125,"caption":"HR Advance"},"image":{"@id":"https:\/\/hradvance.be\/#\/schema\/logo\/image\/"}},{"@type":"WebSite","@id":"https:\/\/hradvance.be\/#website","url":"https:\/\/hradvance.be\/","name":"HR Advance","description":"Consultance en Ressources humaines","publisher":{"@id":"https:\/\/hradvance.be\/#organization"},"potentialAction":[{"@type":"SearchAction","target":{"@type":"EntryPoint","urlTemplate":"https:\/\/hradvance.be\/?s={search_term_string}"},"query-input":"required name=search_term_string"}],"inLanguage":"nl-NL"},{"@type":"WebPage","@id":"https:\/\/hradvance.be\/nl\/hr-advance-onze-diensten-in-human-resources\/","url":"https:\/\/hradvance.be\/nl\/hr-advance-onze-diensten-in-human-resources\/","name":"HR Advance : Onze diensten in human resources - HR Advance","isPartOf":{"@id":"https:\/\/hradvance.be\/#website"},"datePublished":"2021-05-02T18:35:01+00:00","dateModified":"2021-05-02T18:35:03+00:00","description":"Onze diensten in human resources: Soft & Hard HR, Administratie, Digitalisering, Management en teambeheer, HRIS","breadcrumb":{"@id":"https:\/\/hradvance.be\/nl\/hr-advance-onze-diensten-in-human-resources\/#breadcrumb"},"inLanguage":"nl-NL","potentialAction":[{"@type":"ReadAction","target":["https:\/\/hradvance.be\/nl\/hr-advance-onze-diensten-in-human-resources\/"]}]},{"@type":"BreadcrumbList","@id":"https:\/\/hradvance.be\/nl\/hr-advance-onze-diensten-in-human-resources\/#breadcrumb","itemListElement":[{"@type":"ListItem","position":1,"name":"Accueil","item":"https:\/\/hradvance.be\/nl\/"},{"@type":"ListItem","position":2,"name":"HR Advance : Onze diensten in human resources"}]}]}},"_links":{"self":[{"href":"https:\/\/hradvance.be\/nl\/wp-json\/wp\/v2\/pages\/2018"}],"collection":[{"href":"https:\/\/hradvance.be\/nl\/wp-json\/wp\/v2\/pages"}],"about":[{"href":"https:\/\/hradvance.be\/nl\/wp-json\/wp\/v2\/types\/page"}],"author":[{"embeddable":true,"href":"https:\/\/hradvance.be\/nl\/wp-json\/wp\/v2\/users\/1"}],"replies":[{"embeddable":true,"href":"https:\/\/hradvance.be\/nl\/wp-json\/wp\/v2\/comments?post=2018"}],"version-history":[{"count":2,"href":"https:\/\/hradvance.be\/nl\/wp-json\/wp\/v2\/pages\/2018\/revisions"}],"predecessor-version":[{"id":2020,"href":"https:\/\/hradvance.be\/nl\/wp-json\/wp\/v2\/pages\/2018\/revisions\/2020"}],"wp:attachment":[{"href":"https:\/\/hradvance.be\/nl\/wp-json\/wp\/v2\/media?parent=2018"}],"curies":[{"name":"wp","href":"https:\/\/api.w.org\/{rel}","templated":true}]}}